{"id":1611,"date":"2026-03-27T18:01:42","date_gmt":"2026-03-27T18:01:42","guid":{"rendered":"https:\/\/vintagebyiana.wiseweb.pt\/?page_id=1611"},"modified":"2026-03-27T18:03:55","modified_gmt":"2026-03-27T18:03:55","slug":"politica-de-privacidade","status":"publish","type":"page","link":"https:\/\/vintagebyiana.wiseweb.pt\/en\/politica-de-privacidade\/","title":{"rendered":"Privacy Policy"},"content":{"rendered":"<div data-elementor-type=\"wp-page\" data-elementor-id=\"1611\" class=\"elementor elementor-1611\" data-elementor-post-type=\"page\">\n\t\t\t\t<div class=\"elementor-element elementor-element-44e33af e-flex e-con-boxed e-con e-parent\" data-id=\"44e33af\" data-element_type=\"container\" data-e-type=\"container\" data-settings=\"{&quot;background_background&quot;:&quot;classic&quot;}\">\n\t\t\t\t\t<div class=\"e-con-inner\">\n\t\t\t\t\t<\/div>\n\t\t\t\t<\/div>\n\t\t<div class=\"elementor-element elementor-element-4be82455 e-flex e-con-boxed e-con e-parent\" data-id=\"4be82455\" data-element_type=\"container\" data-e-type=\"container\">\n\t\t\t\t\t<div class=\"e-con-inner\">\n\t\t\t\t<div class=\"elementor-element elementor-element-140faeed elementor-widget elementor-widget-text-editor\" data-id=\"140faeed\" data-element_type=\"widget\" data-e-type=\"widget\" data-widget_type=\"text-editor.default\">\n\t\t\t\t\t\t\t\t\t<div>\n<p><span style=\"font-weight: 400;\">The protection of your personal data is a priority for <\/span><b>Iana Khachaturova<\/b><span style=\"font-weight: 400;\">, therefore, under Regulation No. 2016\/679 of the European Parliament and of the Council, of April 27, 2016 (General Regulation on the Protection of Personal Data), we are pleased to communicate our Privacy Policy, which will inform you of the new rules applicable to the processing of your personal data, your rights, as well as informing you of how you can manage, directly and in a simple way, the respective consents.<\/span><\/p>\n<p><span style=\"font-weight: 400;\">The rules set out in this Privacy Policy complement the provisions on the protection and processing of personal data set out in the \u201cGeneral Conditions of the store <\/span><span style=\"font-weight: 400;\">www.vintagebyiana.pt<\/span><span style=\"font-weight: 400;\">\u201d, which regulate the offer of our products and are duly announced on the website, being accepted by the Customer.<\/span><\/p>\n<p><span style=\"font-weight: 400;\">This Privacy Policy applies exclusively to the collection and processing of personal data carried out by <\/span><b>Iana Khachaturova<\/b><b>&nbsp;<\/b><\/p>\n<p><span style=\"font-weight: 400;\">&nbsp;<\/span><\/p>\n<p><b>Who are we?<\/b><\/p>\n<p><span style=\"font-weight: 400;\">Your data will be processed by <\/span><b>Iana Khachaturova<\/b><span style=\"font-weight: 400;\">, <\/span><span style=\"font-weight: 400;\">Individual businesswoman<\/span><span style=\"font-weight: 400;\"> with registered office in <\/span><span style=\"font-weight: 400;\">Tv. Venceslau de Morais 3, 2400-094 Leiria, Portugal<\/span><span style=\"font-weight: 400;\">, registered under the tax identification number <\/span><span style=\"font-weight: 400;\">286728796<\/span><span style=\"font-weight: 400;\">,\u00a0(hereinafter referred to as <\/span><b>Vintage by Iana<\/b><span style=\"font-weight: 400;\">).<\/span><\/p>\n<p><span style=\"font-weight: 400;\">The company <\/span><b>Vintage by Iana<\/b> <span style=\"font-weight: 400;\">is responsible for the processing of your personal data, within the meaning of the General Data Protection Regulation (hereinafter referred to as<\/span><b>&nbsp;GDPR<\/b><span style=\"font-weight: 400;\">).<\/span><\/p>\n<p><span style=\"font-weight: 400;\">&nbsp;<\/span><\/p>\n<p><b>What are personal data?<\/b><\/p>\n<p><span style=\"font-weight: 400;\">Personal data is any information, of any nature and regardless of the respective medium, including sound and image, relating to an identified or identifiable natural person.<\/span><\/p>\n<p><span style=\"font-weight: 400;\">An identifiable person is one who can be identified directly or indirectly, in particular by reference to an identifier, such as a name, an identification number, location data, electronic identifiers or to one or more elements specific to the physical, physiological, genetic, mental, economic, cultural or social identity of that natural person.<\/span><\/p>\n<p><span style=\"font-weight: 400;\">&nbsp;<\/span><\/p>\n<p><b>What type of personal data do we collect?<\/b><\/p>\n<p><span style=\"font-weight: 400;\">Within the scope of its activity, the <\/span><b>Vintage by Iana<\/b> <span style=\"font-weight: 400;\">will collect and process the personal data necessary for the sale and delivery process of the goods purchased by the Customer, in particular name, address, telephone number, email address, payment data, Internet Protocol (IP) address, tax identification number.<\/span><\/p>\n<p><span style=\"font-weight: 400;\">&nbsp;<\/span><\/p>\n<p><b>Why do we process your information?<\/b><\/p>\n<p><span style=\"font-weight: 400;\">Your personal data may be collected and processed by <\/span><b>Vintage by Iana<\/b> <span style=\"font-weight: 400;\">for the following purposes:<\/span><\/p>\n<p><span style=\"background-color: transparent;\"><b>a)<\/b>&nbsp;&nbsp;&nbsp;&nbsp; compliance with legal obligations to which the <\/span><b style=\"background-color: transparent;\">Vintage by Iana<\/b> <span style=\"background-color: transparent;\">is subject to, notably, invoicing of acquired goods;<\/span><\/p>\n<p><span style=\"background-color: transparent;\"><b>b)&nbsp;<\/b>&nbsp;&nbsp;&nbsp; fulfillment of contractual obligations of the <\/span><b style=\"background-color: transparent;\">Vintage by Iana<\/b> <span style=\"background-color: transparent;\">notably for the purposes of the logistical process of delivering purchased goods;<\/span><\/p>\n<p><span style=\"background-color: transparent;\"><b>c)&nbsp;<\/b>&nbsp;&nbsp;&nbsp;&nbsp; contact and complaints management effects;<\/span><\/p>\n<p><span style=\"background-color: transparent;\"><b>d)<\/b>&nbsp;&nbsp;&nbsp;&nbsp; contact effects, within the scope of the company\u2019s marketing strategies <\/span><b style=\"background-color: transparent;\">Vintage by Iana<\/b><span style=\"background-color: transparent;\">, with information and commercial communications, namely by sending newsletters.<\/span><\/p>\n<p><span style=\"font-weight: 400;\">Failure to provide personal data for the purposes set out in paragraphs a) and b) implies non-compliance on the part of the <\/span><b>Vintage by Iana<\/b><b>,<\/b><span style=\"font-weight: 400;\"> of contractual and legal obligations imposed on it, a situation that constitutes grounds for not concluding the purchase and sale contract by the <\/span><b>Vintage by Iana<\/b><b>,<\/b><span style=\"font-weight: 400;\"> without the right to any compensation or compensation.<\/span><\/p>\n<p><span style=\"font-weight: 400;\">The company <\/span><b>Vintage by Iana<\/b> <span style=\"font-weight: 400;\">will inform you of the mandatory nature of the data.<\/span><\/p>\n<p><span style=\"font-weight: 400;\">&nbsp;<\/span><\/p>\n<p><b>Why do we process your information?<\/b><\/p>\n<p><span style=\"font-weight: 400;\">The processing of your personal data will be carried out based on the execution of the product purchase and sale contract concluded with the <\/span><b>Vintage by Iana<\/b><b>,<\/b><span style=\"font-weight: 400;\"> and in strict compliance with legal obligations imposed on the <\/span><b>Vintage by Iana<\/b><b>,<\/b><span style=\"font-weight: 400;\"> namely in matters of tax legislation (see paragraphs b) and c) of paragraph 1 of article 6 of the GDPR).<\/span><\/p>\n<p><span style=\"font-weight: 400;\">For the purpose set out in paragraph c) of the previous item, the <\/span><b>Vintage by Iana<\/b> <span style=\"font-weight: 400;\">will process personal data, based on the legitimate interest pursued by him, as well as that of the Customer (cf. point f) of paragraph 1 of article 6 of the GDPR).<\/span><\/p>\n<p><span style=\"font-weight: 400;\">Furthermore, the lawfulness of the processing of personal data collected for the purpose set out in paragraph d) of the previous item is based on the consent given by the <\/span><b>Vintage by Iana<\/b> <span style=\"font-weight: 400;\">for the respective processing (cf. point a) of paragraph 1 of article 6 of the GDPR).<\/span><\/p>\n<p><span style=\"font-weight: 400;\">&nbsp;<\/span><\/p>\n<p><b>How long do we keep your information?<\/b><\/p>\n<p><span style=\"font-weight: 400;\">Without prejudice to legal, regulatory provisions or judicial determination to the contrary, the personal data collected will be kept only for the minimum period necessary for the purposes that motivated their collection or subsequent processing.<\/span><\/p>\n<p><span style=\"font-weight: 400;\">The most relevant retention periods that we define for the purposes of using your personal data are as follows:<\/span><\/p>\n<p><span style=\"background-color: transparent;\"><b>i.<\/b> Transaction management \u2013 \u200b\u200blegal term of 10 years;<\/span><\/p>\n<p><span style=\"background-color: transparent;\"><b>ii.<\/b> Customer management in loyalty programs \u2013 3 years<\/span><\/p>\n<p><b>iii. <\/b><span style=\"font-weight: 400;\">Marketing \u2013 2 years (plus current year) since the last interaction;<\/span><\/p>\n<p><span style=\"background-color: transparent;\"><b>iv.<\/b> Management of website or platform users \u2013 1 year (plus current year) after last access;<\/span><\/p>\n<p><span style=\"background-color: transparent;\"><b>v.<\/b> Home deliveries \u2013 2 years;<\/span><\/p>\n<p><span style=\"background-color: transparent;\"><b>vi.<\/b> Warranties and after-sales support \u2013 2 years or equal to the warranty period if longer;<\/span><\/p>\n<p><b>vii.<\/b><span style=\"font-weight: 400;\"> Registration and proof of transactions for distance contracts \u2013 6 months after the contract period;<\/span><\/p>\n<p><b>viii.<\/b><span style=\"font-weight: 400;\"> Service management \u2013 \u200b\u200b2 years since the last service.<\/span><\/p>\n<p><span style=\"font-weight: 400;\">&nbsp;<\/span><\/p>\n<p><b>To whom can we transmit your personal data?<\/b><\/p>\n<p><span style=\"font-weight: 400;\">Possibly, a <\/span><b>Vintage by Iana<\/b> <span style=\"font-weight: 400;\">You may have to share some of your personal data with other recipients, which include:<\/span><\/p>\n<p><span style=\"background-color: transparent;\">a)\u00a0\u00a0\u00a0\u00a0 Organizations and\/or companies affiliated with <\/span><b style=\"background-color: transparent;\">Vintage by Iana<\/b><b style=\"background-color: transparent;\">,<\/b><span style=\"background-color: transparent;\"> as long as they respect an equivalent policy on the protection of personal data;<\/span><\/p>\n<p><span style=\"background-color: transparent;\">b)\u00a0\u00a0\u00a0\u00a0 Public Entities to which the <\/span><b style=\"background-color: transparent;\">Vintage by Iana<\/b> <span style=\"background-color: transparent;\">is legally obliged to provide information, especially to the DGCI \u2013 General Directorate of Taxes;<\/span><\/p>\n<p><span style=\"background-color: transparent;\">c)\u00a0\u00a0\u00a0\u00a0\u00a0 Subcontractors who provide certain services related to your personal data under the cover of a subcontract and for the sole purpose of providing technical assistance to <\/span><b style=\"background-color: transparent;\">Vintage by Iana<\/b><b style=\"background-color: transparent;\">,<\/b><span style=\"background-color: transparent;\"> which include, but are not limited to, website hosting providers, email and marketing service providers;<\/span><\/p>\n<p><span style=\"background-color: transparent;\">d)\u00a0\u00a0\u00a0\u00a0 The competent authorities to which the <\/span><b style=\"background-color: transparent;\">Vintage by Iana<\/b><b style=\"background-color: transparent;\">,<\/b><span style=\"background-color: transparent;\"> is legally obliged to disclose information in the course of legal proceedings, or to detect technical and\/or security problems, such as Judicial Entities or competent Control Authorities.<\/span><\/p>\n<p><span style=\"font-weight: 400;\">&nbsp;<\/span><\/p>\n<p><b>Is your data transferred to countries outside the European Union?<\/b><\/p>\n<p><span style=\"font-weight: 400;\">Your personal data, collected by <\/span><b>Vintage by Iana<\/b><b>,<\/b><span style=\"font-weight: 400;\"> will not, as a rule, be transferred to any entity established outside the territory of the European Union.<\/span><\/p>\n<p><span style=\"font-weight: 400;\">Exceptionally and under certain conditions, the <\/span><b>Vintage by Iana<\/b> <span style=\"font-weight: 400;\">You may transfer your personal data to countries outside the territory of the European Union, in accordance with applicable legislation, for the purposes of data hosting or storage, technical subcontracting of processing, back-up and recovery of hosted data, development of services.<\/span><\/p>\n<p><span style=\"font-weight: 400;\">The company <\/span><b>Vintage by Iana<\/b> <span style=\"font-weight: 400;\">ensures that you will not transfer your personal data to countries that do not guarantee an adequate level of protection, in accordance with the provisions of the GDPR.<\/span><\/p>\n<p><span style=\"font-weight: 400;\">&nbsp;<\/span><\/p>\n<p><b>What are your rights?<\/b><\/p>\n<p><span style=\"font-weight: 400;\">In accordance with the provisions of the GDPR, you may request, at any time:<\/span><\/p>\n<p><b style=\"background-color: transparent;\">a) access to your personal data:<\/b><span style=\"background-color: transparent;\">You have the right to obtain confirmation as to whether or not personal data concerning you are being processed and, if applicable, the right to access your personal data and the information provided for in the GDPR.<\/span><\/p>\n<p><b style=\"background-color: transparent;\">b) the rectification of your personal data:<\/b><span style=\"background-color: transparent;\">has the right to obtain from <\/span><b style=\"background-color: transparent;\">Vintage by Iana<\/b><b style=\"background-color: transparent;\">,<\/b><span style=\"background-color: transparent;\"> without undue delay, the rectification of inaccurate personal data concerning you.<\/span><\/p>\n<p><b style=\"background-color: transparent;\">c) the deletion of your personal data:<\/b><span style=\"background-color: transparent;\">has the right to obtain from <\/span><b style=\"background-color: transparent;\">Vintage by Iana<\/b><span style=\"background-color: transparent;\">, without undue delay, the erasure of your personal data, and the <\/span><b style=\"background-color: transparent;\">Vintage by Iana<\/b> <span style=\"background-color: transparent;\">delete your personal data, without undue delay, when one of the following reasons applies, in particular:&nbsp;<\/span><b style=\"background-color: transparent;\">1)<\/b><span style=\"background-color: transparent;\">personal data are no longer necessary for the purpose for which they were collected or processed;&nbsp;<\/span><b style=\"background-color: transparent;\">2)<\/b><span style=\"background-color: transparent;\">&nbsp;the holder of personal data withdraws the consent on which the processing of the data is based (when it is based on consent) and if there is no other legal basis for said processing;&nbsp;<\/span><b style=\"background-color: transparent;\">3)<\/b><span style=\"background-color: transparent;\">&nbsp;the data subject opposes the processing and there are no prevailing legitimate interests that justify the processing;<\/span><\/p>\n<p><b style=\"background-color: transparent;\">d) limitation of the treatment carried out:<\/b><span style=\"background-color: transparent;\">has the right to obtain from <\/span><b style=\"background-color: transparent;\">Vintage by Iana<\/b> <span style=\"background-color: transparent;\">the limitation of processing, if one of the following situations applies:&nbsp;<\/span><b style=\"background-color: transparent;\">1)<\/b><span style=\"background-color: transparent;\">contest the accuracy of personal data, for a period that allows the <\/span><b style=\"background-color: transparent;\">Vintage by Iana<\/b> <span style=\"background-color: transparent;\">check its accuracy;&nbsp;<\/span><b style=\"background-color: transparent;\">2)<\/b><span style=\"background-color: transparent;\">&nbsp;the processing is unlawful and the data subject opposes the erasure of personal data and requests, in return, the limitation of its use;&nbsp;<\/span><b style=\"background-color: transparent;\">3)<\/b><span style=\"background-color: transparent;\">&nbsp;a <\/span><b style=\"background-color: transparent;\">Vintage by Iana<\/b> <span style=\"background-color: transparent;\">personal data is no longer needed for processing purposes, but such data is required by the holder for the purposes of declaring, exercising or defending a right in legal proceedings;&nbsp;<\/span><b style=\"background-color: transparent;\">4)<\/b><span style=\"background-color: transparent;\">&nbsp;if you have objected to the processing, until it is verified that the legitimate reasons for the <\/span><b style=\"background-color: transparent;\">Vintage by Iana<\/b> <span style=\"background-color: transparent;\">prevail over those of the data subject.<\/span><\/p>\n<p><b style=\"background-color: transparent;\">e) the right to object to the processing:<\/b><span style=\"background-color: transparent;\">when the processing is carried out for the purposes of the legitimate interests pursued by the <\/span><b style=\"background-color: transparent;\">Vintage by Iana<\/b><b style=\"background-color: transparent;\">,<\/b><span style=\"background-color: transparent;\"> The data subject has the right to object at any time, for reasons related to his or her particular situation, to the processing of personal data concerning him or her. THE <\/span><b style=\"background-color: transparent;\">Vintage by Iana<\/b> <span style=\"background-color: transparent;\">will cease the processing of personal data, unless it presents compelling and legitimate reasons for such processing and which prevail over the interests, rights and freedoms of the data subject, or for the purposes of declaring, exercising or defending a right in legal proceedings.<\/span><\/p>\n<p><b style=\"background-color: transparent;\">f) the right to data portability:<\/b><span style=\"background-color: transparent;\">under the terms and conditions defined by law, you have the right to receive the personal data that concerns you and that you have provided to <\/span><b style=\"background-color: transparent;\">Vintage by Iana<\/b><span style=\"background-color: transparent;\">, in a structured, commonly used and machine-readable format, and the right to transmit these data to another controller without the controller to whom the personal data were provided being able to prevent this, if:&nbsp;<\/span><b style=\"background-color: transparent;\">1)<\/b><span style=\"background-color: transparent;\">The processing is based on consent or a contract; and&nbsp;<\/span><b style=\"background-color: transparent;\">2)<\/b><span style=\"background-color: transparent;\">&nbsp;The processing is carried out by automated means.<\/span><\/p>\n<p><span style=\"font-weight: 400;\">If the requests presented are manifestly unfounded or excessive, notably due to their repetitive nature, the <\/span><b>Vintage by Iana<\/b> <span style=\"font-weight: 400;\">may (i) demand payment of a reasonable fee taking into account the administrative costs of providing the information or communications, or taking the requested action, or (ii) refuse to comply with your request.<\/span><\/p>\n<p><span style=\"font-weight: 400;\">Regarding personal data whose processing by <\/span><b>Vintage by Iana<\/b> <span style=\"font-weight: 400;\">is legitimized in the consent granted by him, he is granted the right to withdraw consent, without the exercise of such right being able to compromise the lawfulness of the processing carried out based on the consent previously given, nor the subsequent processing of the same data, based on another legal basis, such as the fulfillment of a contractual or legal obligation to which the <\/span><b>Vintage by Iana<\/b> <span style=\"font-weight: 400;\">be subject.<\/span><\/p>\n<p><span style=\"font-weight: 400;\">You also have the right to lodge a complaint with the National Data Protection Commission.<\/span><\/p>\n<p><span style=\"font-weight: 400;\">&nbsp;<\/span><\/p>\n<p><b>How can you object to receiving contacts for marketing purposes?<\/b><\/p>\n<p><span style=\"font-weight: 400;\">Within the scope of the consent given by her, the <\/span><b>Vintage by Iana<\/b> <span style=\"font-weight: 400;\">may promote, in particular, actions to publicize new products or services by telephone, e-mail, mail, SMS, MMS, or any other electronic communications service.<\/span><\/p>\n<p><span style=\"font-weight: 400;\">If you do not want your personal data to be processed, you can object at any time to the use of your personal data for marketing purposes, sending informative communications or inclusion in lists or information services.<\/span><\/p>\n<p><span style=\"font-weight: 400;\">To do so, you must contact the <\/span><b>Vintage by Iana<\/b> <span style=\"font-weight: 400;\">to the following email address <\/span><b>geral@vintagebyiana.pt<\/b><span style=\"font-weight: 400;\">, clearly and unequivocally demonstrating this intention, and may also withdraw this consent in the reserved area on the website.<\/span><\/p>\n<p><span style=\"font-weight: 400;\">&nbsp;<\/span><\/p>\n<p><b>Security and Confidentiality<\/b><\/p>\n<p><span style=\"font-weight: 400;\">We are committed to keeping your personal data safe, therefore we apply appropriate technical and organizational measures to ensure a level of security appropriate to the risk of keeping your personal data on file.<\/span><\/p>\n<p><span style=\"font-weight: 400;\">However, the transmission of information via the Internet is not completely secure, and we cannot guarantee the absolute security of information transmitted through our website, in particular through the use of public networks in data transmission.<\/span><\/p>\n<p><span style=\"font-weight: 400;\">We also respect the confidentiality of your information. As such, we do not sell, distribute or otherwise make your information commercially available to any third party.<\/span><\/p>\n<p><span style=\"font-weight: 400;\">In view of the above, the <\/span><b>Vintage by Iana<\/b> <span style=\"font-weight: 400;\">undertakes to keep your information confidential, in accordance with this Privacy Policy and applicable legislation.<\/span><\/p>\n<p><span style=\"font-weight: 400;\">&nbsp;<\/span><\/p>\n<p><b>Questions and Exercise of Rights<\/b><\/p>\n<p><span style=\"font-weight: 400;\">If you have any questions regarding the processing of your personal data, or wish to exercise any of your rights, please contact us via:<\/span><\/p>\n<p><b>geral@vintagebyiana.pt<\/b> <span style=\"font-weight: 400;\">Household: <\/span><span style=\"font-weight: 400;\">Tv. Venceslau de Morais 3, 2400-094 Leiria, Portugal<\/span><span style=\"font-weight: 400;\">, Portugal.<\/span><\/p>\n<p><span style=\"font-weight: 400;\">Please note that occasionally the <\/span><b>Vintage by Iana<\/b> <span style=\"font-weight: 400;\">will update this Privacy Policy, so we advise you to review it periodically to stay up to date.<\/span><\/p>\n<p><span style=\"font-weight: 400;\">&nbsp;<\/span><\/p>\n<p><span style=\"font-weight: 400;\">Last updated March 27, 2026<\/span><\/p>\n<\/div>\t\t\t\t\t\t\t\t<\/div>\n\t\t\t\t\t<\/div>\n\t\t\t\t<\/div>\n\t\t\t\t<\/div>","protected":false},"excerpt":{"rendered":"<p>A prote\u00e7\u00e3o dos seus dados pessoais \u00e9 uma prioridade para a Iana Khachaturova, pelo que, ao abrigo do Regulamento n.\u00ba 2016\/679 do Parlamento Europeu e do Conselho, de 27 de abril de 2016 (Regulamento Geral sobre a Prote\u00e7\u00e3o de Dados Pessoais), temos o prazer de comunicar a nossa Pol\u00edtica de Privacidade, que lhe dar\u00e1 a [&hellip;]<\/p>\n","protected":false},"author":1,"featured_media":0,"parent":0,"menu_order":0,"comment_status":"closed","ping_status":"closed","template":"","meta":{"_acf_changed":false,"footnotes":""},"class_list":["post-1611","page","type-page","status-publish","hentry"],"acf":[],"_links":{"self":[{"href":"https:\/\/vintagebyiana.wiseweb.pt\/en\/wp-json\/wp\/v2\/pages\/1611","targetHints":{"allow":["GET"]}}],"collection":[{"href":"https:\/\/vintagebyiana.wiseweb.pt\/en\/wp-json\/wp\/v2\/pages"}],"about":[{"href":"https:\/\/vintagebyiana.wiseweb.pt\/en\/wp-json\/wp\/v2\/types\/page"}],"author":[{"embeddable":true,"href":"https:\/\/vintagebyiana.wiseweb.pt\/en\/wp-json\/wp\/v2\/users\/1"}],"replies":[{"embeddable":true,"href":"https:\/\/vintagebyiana.wiseweb.pt\/en\/wp-json\/wp\/v2\/comments?post=1611"}],"version-history":[{"count":4,"href":"https:\/\/vintagebyiana.wiseweb.pt\/en\/wp-json\/wp\/v2\/pages\/1611\/revisions"}],"predecessor-version":[{"id":1615,"href":"https:\/\/vintagebyiana.wiseweb.pt\/en\/wp-json\/wp\/v2\/pages\/1611\/revisions\/1615"}],"wp:attachment":[{"href":"https:\/\/vintagebyiana.wiseweb.pt\/en\/wp-json\/wp\/v2\/media?parent=1611"}],"curies":[{"name":"wp","href":"https:\/\/api.w.org\/{rel}","templated":true}]}}