{"id":780,"date":"2026-03-16T10:50:25","date_gmt":"2026-03-16T10:50:25","guid":{"rendered":"https:\/\/vintagebyiana.wiseweb.pt\/?page_id=780"},"modified":"2026-04-06T16:59:56","modified_gmt":"2026-04-06T16:59:56","slug":"a-nossa-historia","status":"publish","type":"page","link":"https:\/\/vintagebyiana.wiseweb.pt\/en\/a-nossa-historia\/","title":{"rendered":"Our History"},"content":{"rendered":"<div data-elementor-type=\"wp-page\" data-elementor-id=\"780\" class=\"elementor elementor-780\" data-elementor-post-type=\"page\">\n\t\t\t\t<div class=\"elementor-element elementor-element-1a4b27b8 e-flex e-con-boxed e-con e-parent\" data-id=\"1a4b27b8\" data-element_type=\"container\" data-e-type=\"container\">\n\t\t\t\t\t<div class=\"e-con-inner\">\n\t\t<div class=\"elementor-element elementor-element-8d83d29 e-con-full e-flex e-con e-child\" data-id=\"8d83d29\" data-element_type=\"container\" data-e-type=\"container\" data-settings=\"{&quot;background_background&quot;:&quot;classic&quot;}\">\n\t\t<div class=\"elementor-element elementor-element-f653408 e-con-full e-flex e-con e-child\" data-id=\"f653408\" data-element_type=\"container\" data-e-type=\"container\">\n\t\t\t\t<div class=\"elementor-element elementor-element-c0c8a62 elementor-widget elementor-widget-image\" data-id=\"c0c8a62\" data-element_type=\"widget\" data-e-type=\"widget\" data-widget_type=\"image.default\">\n\t\t\t\t\t\t\t\t\t\t\t\t\t\t\t<img fetchpriority=\"high\" decoding=\"async\" width=\"800\" height=\"1000\" src=\"https:\/\/vintagebyiana.wiseweb.pt\/wp-content\/uploads\/2026\/03\/Iana_1-819x1024.jpg\" class=\"attachment-large size-large wp-image-517\" alt=\"\" srcset=\"\" sizes=\"(max-width: 800px) 100vw, 800px\" data-srcset=\"\" \/>\t\t\t\t\t\t\t\t\t\t\t\t\t\t\t<\/div>\n\t\t\t\t<\/div>\n\t\t<div class=\"elementor-element elementor-element-c8fbe17 e-con-full e-flex e-con e-child\" data-id=\"c8fbe17\" data-element_type=\"container\" data-e-type=\"container\">\n\t\t\t\t<div class=\"elementor-element elementor-element-f1e122d elementor-widget elementor-widget-heading\" data-id=\"f1e122d\" data-element_type=\"widget\" data-e-type=\"widget\" data-widget_type=\"heading.default\">\n\t\t\t\t\t<h3 class=\"elementor-heading-title elementor-size-default\">Meet the Founder<\/h3>\t\t\t\t<\/div>\n\t\t\t\t<div class=\"elementor-element elementor-element-7de132d elementor-widget elementor-widget-heading\" data-id=\"7de132d\" data-element_type=\"widget\" data-e-type=\"widget\" data-widget_type=\"heading.default\">\n\t\t\t\t\t<h2 class=\"elementor-heading-title elementor-size-default\">Iana<\/h2>\t\t\t\t<\/div>\n\t\t\t\t<div class=\"elementor-element elementor-element-f584d26 elementor-widget-divider--view-line elementor-widget elementor-widget-divider\" data-id=\"f584d26\" data-element_type=\"widget\" data-e-type=\"widget\" data-widget_type=\"divider.default\">\n\t\t\t\t\t\t\t<div class=\"elementor-divider\">\n\t\t\t<span class=\"elementor-divider-separator\">\n\t\t\t\t\t\t<\/span>\n\t\t<\/div>\n\t\t\t\t\t\t<\/div>\n\t\t\t\t<div class=\"elementor-element elementor-element-0128951 elementor-widget elementor-widget-text-editor\" data-id=\"0128951\" data-element_type=\"widget\" data-e-type=\"widget\" data-widget_type=\"text-editor.default\">\n\t\t\t\t\t\t\t\t\t<p>The Vintage by Iana project was born in 2023 out of a deep love for vintage pieces, especially antique tableware, which carries history, memory, and the character of its time.<\/p><p>I am originally from Ukraine and have lived in Portugal for many years. It was here that my passion for vintage became a conscious project. For me, tableware is not just an everyday object. It is handmade art, unique patterns, delicacy of form, and traditions from different countries and eras. These are pieces with a past that continue to live in the present.<\/p>\t\t\t\t\t\t\t\t<\/div>\n\t\t\t\t<div class=\"elementor-element elementor-element-bd82297 elementor-widget elementor-widget-text-editor\" data-id=\"bd82297\" data-element_type=\"widget\" data-e-type=\"widget\" data-widget_type=\"text-editor.default\">\n\t\t\t\t\t\t\t\t\t<p>\u201cI believe vintage is not just about aesthetics, but also about responsibility.\u201d<\/p>\t\t\t\t\t\t\t\t<\/div>\n\t\t\t\t<div class=\"elementor-element elementor-element-3ea793f elementor-widget elementor-widget-text-editor\" data-id=\"3ea793f\" data-element_type=\"widget\" data-e-type=\"widget\" data-widget_type=\"text-editor.default\">\n\t\t\t\t\t\t\t\t\t<p>In my project, I support the idea of conscious consumption and reuse. Giving objects a second life is a way of caring for the environment and preserving the beauty created many years ago.<\/p><p>\u00a0<\/p>\t\t\t\t\t\t\t\t<\/div>\n\t\t\t\t<\/div>\n\t\t\t\t<\/div>\n\t\t\t\t\t<\/div>\n\t\t\t\t<\/div>\n\t\t<div class=\"elementor-element elementor-element-d3b9bf6 e-flex e-con-boxed e-con e-parent\" data-id=\"d3b9bf6\" data-element_type=\"container\" data-e-type=\"container\" data-settings=\"{&quot;background_background&quot;:&quot;classic&quot;}\">\n\t\t\t\t\t<div class=\"e-con-inner\">\n\t\t\t\t<div class=\"elementor-element elementor-element-d142c59 elementor-widget elementor-widget-heading\" data-id=\"d142c59\" data-element_type=\"widget\" data-e-type=\"widget\" data-widget_type=\"heading.default\">\n\t\t\t\t\t<h2 class=\"elementor-heading-title elementor-size-default\">Our Philosophy<\/h2>\t\t\t\t<\/div>\n\t\t\t\t<div class=\"elementor-element elementor-element-a7d103e elementor-widget elementor-widget-heading\" data-id=\"a7d103e\" data-element_type=\"widget\" data-e-type=\"widget\" data-widget_type=\"heading.default\">\n\t\t\t\t\t<h2 class=\"elementor-heading-title elementor-size-default\">Conscious Consumption<\/h2>\t\t\t\t<\/div>\n\t\t<div class=\"elementor-element elementor-element-bafa3a1 e-con-full e-flex e-con e-child\" data-id=\"bafa3a1\" data-element_type=\"container\" data-e-type=\"container\">\n\t\t<div class=\"elementor-element elementor-element-3bffa90 e-con-full e-flex e-con e-child\" data-id=\"3bffa90\" data-element_type=\"container\" data-e-type=\"container\">\n\t\t\t\t<div class=\"elementor-element elementor-element-8e88221 elementor-widget elementor-widget-heading\" data-id=\"8e88221\" data-element_type=\"widget\" data-e-type=\"widget\" data-widget_type=\"heading.default\">\n\t\t\t\t\t<h2 class=\"elementor-heading-title elementor-size-default\">Sustainability<\/h2>\t\t\t\t<\/div>\n\t\t\t\t<div class=\"elementor-element elementor-element-39b2f5f elementor-widget elementor-widget-text-editor\" data-id=\"39b2f5f\" data-element_type=\"widget\" data-e-type=\"widget\" data-widget_type=\"text-editor.default\">\n\t\t\t\t\t\t\t\t\t<p>Reusing furniture and tableware to reduce environmental impact.<\/p>\t\t\t\t\t\t\t\t<\/div>\n\t\t\t\t<\/div>\n\t\t<div class=\"elementor-element elementor-element-c426e97 e-con-full e-flex e-con e-child\" data-id=\"c426e97\" data-element_type=\"container\" data-e-type=\"container\">\n\t\t\t\t<div class=\"elementor-element elementor-element-a711f56 elementor-widget elementor-widget-heading\" data-id=\"a711f56\" data-element_type=\"widget\" data-e-type=\"widget\" data-widget_type=\"heading.default\">\n\t\t\t\t\t<h2 class=\"elementor-heading-title elementor-size-default\">History<\/h2>\t\t\t\t<\/div>\n\t\t\t\t<div class=\"elementor-element elementor-element-343a96d elementor-widget elementor-widget-text-editor\" data-id=\"343a96d\" data-element_type=\"widget\" data-e-type=\"widget\" data-widget_type=\"text-editor.default\">\n\t\t\t\t\t\t\t\t\t<p>Each object tells a story that deserves to be continued in your home.<\/p>\t\t\t\t\t\t\t\t<\/div>\n\t\t\t\t<\/div>\n\t\t<div class=\"elementor-element elementor-element-a18efc2 e-con-full e-flex e-con e-child\" data-id=\"a18efc2\" data-element_type=\"container\" data-e-type=\"container\">\n\t\t\t\t<div class=\"elementor-element elementor-element-d91dd95 elementor-widget elementor-widget-heading\" data-id=\"d91dd95\" data-element_type=\"widget\" data-e-type=\"widget\" data-widget_type=\"heading.default\">\n\t\t\t\t\t<h2 class=\"elementor-heading-title elementor-size-default\">Curation<\/h2>\t\t\t\t<\/div>\n\t\t\t\t<div class=\"elementor-element elementor-element-fcc7974 elementor-widget elementor-widget-text-editor\" data-id=\"fcc7974\" data-element_type=\"widget\" data-e-type=\"widget\" data-widget_type=\"text-editor.default\">\n\t\t\t\t\t\t\t\t\t<p>Personal and careful selection to guarantee unique and authentic pieces.<\/p>\t\t\t\t\t\t\t\t<\/div>\n\t\t\t\t<\/div>\n\t\t\t\t<\/div>\n\t\t\t\t\t<\/div>\n\t\t\t\t<\/div>\n\t\t<div class=\"elementor-element elementor-element-e9cfb85 e-flex e-con-boxed e-con e-parent\" data-id=\"e9cfb85\" data-element_type=\"container\" data-e-type=\"container\">\n\t\t\t\t\t<div class=\"e-con-inner\">\n\t\t<div class=\"elementor-element elementor-element-d168570 e-con-full e-flex e-con e-child\" data-id=\"d168570\" data-element_type=\"container\" data-e-type=\"container\" data-settings=\"{&quot;background_background&quot;:&quot;classic&quot;}\">\n\t\t<div class=\"elementor-element elementor-element-9c267f6 e-con-full e-flex e-con e-child\" data-id=\"9c267f6\" data-element_type=\"container\" data-e-type=\"container\">\n\t\t\t\t<div class=\"elementor-element elementor-element-2b5a9d1 elementor-widget elementor-widget-heading\" data-id=\"2b5a9d1\" data-element_type=\"widget\" data-e-type=\"widget\" data-widget_type=\"heading.default\">\n\t\t\t\t\t<h3 class=\"elementor-heading-title elementor-size-default\">The Care in Delivery<\/h3>\t\t\t\t<\/div>\n\t\t\t\t<div class=\"elementor-element elementor-element-873c4dd elementor-widget elementor-widget-heading\" data-id=\"873c4dd\" data-element_type=\"widget\" data-e-type=\"widget\" data-widget_type=\"heading.default\">\n\t\t\t\t\t<h2 class=\"elementor-heading-title elementor-size-default\">Prepared with care<\/h2>\t\t\t\t<\/div>\n\t\t\t\t<div class=\"elementor-element elementor-element-5b935bf elementor-widget-divider--view-line elementor-widget elementor-widget-divider\" data-id=\"5b935bf\" data-element_type=\"widget\" data-e-type=\"widget\" data-widget_type=\"divider.default\">\n\t\t\t\t\t\t\t<div class=\"elementor-divider\">\n\t\t\t<span class=\"elementor-divider-separator\">\n\t\t\t\t\t\t<\/span>\n\t\t<\/div>\n\t\t\t\t\t\t<\/div>\n\t\t\t\t<div class=\"elementor-element elementor-element-c08a01d elementor-widget elementor-widget-text-editor\" data-id=\"c08a01d\" data-element_type=\"widget\" data-e-type=\"widget\" data-widget_type=\"text-editor.default\">\n\t\t\t\t\t\t\t\t\t<p>I pay special attention to packaging. I use boxes that have already been used before, minimising materials that could harm the environment, while ensuring maximum safety in shipping.<\/p><p>Each piece in the shop is personally selected by me, carefully checked and prepared with care. It is important to me that when you open your parcel, you feel joy, comfort and the sense of receiving a special story.<\/p>\t\t\t\t\t\t\t\t<\/div>\n\t\t\t\t<\/div>\n\t\t<div class=\"elementor-element elementor-element-4027ccb e-con-full e-flex e-con e-child\" data-id=\"4027ccb\" data-element_type=\"container\" data-e-type=\"container\" data-settings=\"{&quot;background_background&quot;:&quot;classic&quot;}\">\n\t\t\t\t<\/div>\n\t\t\t\t<\/div>\n\t\t\t\t\t<\/div>\n\t\t\t\t<\/div>\n\t\t<div class=\"elementor-element elementor-element-bce5d3a e-flex e-con-boxed e-con e-parent\" data-id=\"bce5d3a\" data-element_type=\"container\" data-e-type=\"container\" data-settings=\"{&quot;background_background&quot;:&quot;classic&quot;}\">\n\t\t\t\t\t<div class=\"e-con-inner\">\n\t\t<div class=\"elementor-element elementor-element-0c07744 e-con-full e-flex e-con e-child\" data-id=\"0c07744\" data-element_type=\"container\" data-e-type=\"container\">\n\t\t\t\t<div class=\"elementor-element elementor-element-c12aa04 elementor-widget elementor-widget-text-editor\" data-id=\"c12aa04\" data-element_type=\"widget\" data-e-type=\"widget\" data-widget_type=\"text-editor.default\">\n\t\t\t\t\t\t\t\t\t<p>\u201cIf you identify with timeless aesthetics, conscious choices and pieces full of soul, it will be a pleasure to be part of your home.\u201d<\/p>\t\t\t\t\t\t\t\t<\/div>\n\t\t\t\t<div class=\"elementor-element elementor-element-5b2dec0 elementor-widget elementor-widget-button\" data-id=\"5b2dec0\" data-element_type=\"widget\" data-e-type=\"widget\" data-widget_type=\"button.default\">\n\t\t\t\t\t\t\t\t\t\t<a class=\"elementor-button elementor-button-link elementor-size-sm\" href=\"https:\/\/vintagebyiana.wiseweb.pt\/en\/colecao\/\">\n\t\t\t\t\t\t<span class=\"elementor-button-content-wrapper\">\n\t\t\t\t\t\t\t\t\t<span class=\"elementor-button-text\">Visit the Collection<\/span>\n\t\t\t\t\t<\/span>\n\t\t\t\t\t<\/a>\n\t\t\t\t\t\t\t\t<\/div>\n\t\t\t\t<\/div>\n\t\t\t\t\t<\/div>\n\t\t\t\t<\/div>\n\t\t<div class=\"elementor-element elementor-element-185752e e-flex e-con-boxed e-con e-parent\" data-id=\"185752e\" data-element_type=\"container\" data-e-type=\"container\">\n\t\t\t\t\t<div class=\"e-con-inner\">\n\t\t<div class=\"elementor-element elementor-element-8633cf2 e-con-full e-flex e-con e-child\" data-id=\"8633cf2\" data-element_type=\"container\" data-e-type=\"container\" data-settings=\"{&quot;background_background&quot;:&quot;classic&quot;}\">\n\t\t<div class=\"elementor-element elementor-element-5285f1d e-con-full e-flex e-con e-child\" data-id=\"5285f1d\" data-element_type=\"container\" data-e-type=\"container\" data-settings=\"{&quot;background_background&quot;:&quot;slideshow&quot;,&quot;background_slideshow_gallery&quot;:[],&quot;background_slideshow_loop&quot;:&quot;yes&quot;,&quot;background_slideshow_slide_duration&quot;:5000,&quot;background_slideshow_slide_transition&quot;:&quot;fade&quot;,&quot;background_slideshow_transition_duration&quot;:500}\">\n\t\t\t\t<div class=\"elementor-element elementor-element-4b48a86 elementor-arrows-position-outside elementor-pagination-position-outside elementor-widget elementor-widget-image-carousel\" data-id=\"4b48a86\" data-element_type=\"widget\" data-e-type=\"widget\" data-settings=\"{&quot;slides_to_show&quot;:&quot;2&quot;,&quot;lazyload&quot;:&quot;yes&quot;,&quot;speed&quot;:5000,&quot;navigation&quot;:&quot;both&quot;,&quot;autoplay&quot;:&quot;yes&quot;,&quot;pause_on_hover&quot;:&quot;yes&quot;,&quot;pause_on_interaction&quot;:&quot;yes&quot;,&quot;autoplay_speed&quot;:5000,&quot;infinite&quot;:&quot;yes&quot;}\" data-widget_type=\"image-carousel.default\">\n\t\t\t\t\t\t\t<div class=\"elementor-image-carousel-wrapper swiper\" role=\"region\" aria-roledescription=\"carousel\" aria-label=\"Carrossel de imagens\" dir=\"ltr\">\n\t\t\t<div class=\"elementor-image-carousel swiper-wrapper\" aria-live=\"off\">\n\t\t\t\t\t\t\t\t<div class=\"swiper-slide\" role=\"group\" aria-roledescription=\"slide\" aria-label=\"1 of 6\"><a data-elementor-open-lightbox=\"yes\" data-elementor-lightbox-slideshow=\"4b48a86\" data-e-action-hash=\"#elementor-action%3Aaction%3Dlightbox%26settings%3DeyJpZCI6MTczOCwidXJsIjoiaHR0cHM6XC9cL3ZpbnRhZ2VieWlhbmEud2lzZXdlYi5wdFwvd3AtY29udGVudFwvdXBsb2Fkc1wvMjAyNlwvMDRcL0lNQUdFLTIwMjYtMDQtMDMtMTFfMjRfMjUuanBnIiwic2xpZGVzaG93IjoiNGI0OGE4NiJ9\" href=\"https:\/\/vintagebyiana.wiseweb.pt\/wp-content\/uploads\/2026\/04\/IMAGE-2026-04-03-11_24_25.jpg\"><figure class=\"swiper-slide-inner\"><img class=\"swiper-slide-image swiper-lazy\" data-src=\"https:\/\/vintagebyiana.wiseweb.pt\/wp-content\/uploads\/2026\/04\/IMAGE-2026-04-03-11_24_25.jpg\" alt=\"IMAGE 2026-04-03 11_24_25\" \/><div class=\"swiper-lazy-preloader\"><\/div><\/figure><\/a><\/div><div class=\"swiper-slide\" role=\"group\" aria-roledescription=\"slide\" aria-label=\"2 of 6\"><a data-elementor-open-lightbox=\"yes\" data-elementor-lightbox-slideshow=\"4b48a86\" data-e-action-hash=\"#elementor-action%3Aaction%3Dlightbox%26settings%3DeyJpZCI6MTQ1LCJ1cmwiOiJodHRwczpcL1wvdmludGFnZWJ5aWFuYS53aXNld2ViLnB0XC93cC1jb250ZW50XC91cGxvYWRzXC8yMDI2XC8wM1wvRFNDXzIyMzgtc2NhbGVkLmpwZyIsInNsaWRlc2hvdyI6IjRiNDhhODYifQ%3D%3D\" href=\"https:\/\/vintagebyiana.wiseweb.pt\/wp-content\/uploads\/2026\/03\/DSC_2238-scaled.jpg\"><figure class=\"swiper-slide-inner\"><img class=\"swiper-slide-image swiper-lazy\" data-src=\"https:\/\/vintagebyiana.wiseweb.pt\/wp-content\/uploads\/2026\/03\/DSC_2238-1025x1536.jpg\" alt=\"DSC_2238\" \/><div class=\"swiper-lazy-preloader\"><\/div><\/figure><\/a><\/div><div class=\"swiper-slide\" role=\"group\" aria-roledescription=\"slide\" aria-label=\"3 of 6\"><a data-elementor-open-lightbox=\"yes\" data-elementor-lightbox-slideshow=\"4b48a86\" data-e-action-hash=\"#elementor-action%3Aaction%3Dlightbox%26settings%3DeyJpZCI6MTQ0LCJ1cmwiOiJodHRwczpcL1wvdmludGFnZWJ5aWFuYS53aXNld2ViLnB0XC93cC1jb250ZW50XC91cGxvYWRzXC8yMDI2XC8wM1wvSU1HXzIyODMtc2NhbGVkLmpwZyIsInNsaWRlc2hvdyI6IjRiNDhhODYifQ%3D%3D\" href=\"https:\/\/vintagebyiana.wiseweb.pt\/wp-content\/uploads\/2026\/03\/IMG_2283-scaled.jpg\"><figure class=\"swiper-slide-inner\"><img class=\"swiper-slide-image swiper-lazy\" data-src=\"https:\/\/vintagebyiana.wiseweb.pt\/wp-content\/uploads\/2026\/03\/IMG_2283-1024x1536.jpg\" alt=\"IMG_2283\" \/><div class=\"swiper-lazy-preloader\"><\/div><\/figure><\/a><\/div><div class=\"swiper-slide\" role=\"group\" aria-roledescription=\"slide\" aria-label=\"4 of 6\"><a data-elementor-open-lightbox=\"yes\" data-elementor-lightbox-slideshow=\"4b48a86\" data-e-action-hash=\"#elementor-action%3Aaction%3Dlightbox%26settings%3DeyJpZCI6MTQzLCJ1cmwiOiJodHRwczpcL1wvdmludGFnZWJ5aWFuYS53aXNld2ViLnB0XC93cC1jb250ZW50XC91cGxvYWRzXC8yMDI2XC8wM1wvSU1HXzIyNjQtc2NhbGVkLmpwZyIsInNsaWRlc2hvdyI6IjRiNDhhODYifQ%3D%3D\" href=\"https:\/\/vintagebyiana.wiseweb.pt\/wp-content\/uploads\/2026\/03\/IMG_2264-scaled.jpg\"><figure class=\"swiper-slide-inner\"><img class=\"swiper-slide-image swiper-lazy\" data-src=\"https:\/\/vintagebyiana.wiseweb.pt\/wp-content\/uploads\/2026\/03\/IMG_2264-1024x1536.jpg\" alt=\"IMG_2264\" \/><div class=\"swiper-lazy-preloader\"><\/div><\/figure><\/a><\/div><div class=\"swiper-slide\" role=\"group\" aria-roledescription=\"slide\" aria-label=\"5 of 6\"><a data-elementor-open-lightbox=\"yes\" data-elementor-lightbox-slideshow=\"4b48a86\" data-e-action-hash=\"#elementor-action%3Aaction%3Dlightbox%26settings%3DeyJpZCI6MTQyLCJ1cmwiOiJodHRwczpcL1wvdmludGFnZWJ5aWFuYS53aXNld2ViLnB0XC93cC1jb250ZW50XC91cGxvYWRzXC8yMDI2XC8wM1wvSU1HXzIyNjEtc2NhbGVkLmpwZyIsInNsaWRlc2hvdyI6IjRiNDhhODYifQ%3D%3D\" href=\"https:\/\/vintagebyiana.wiseweb.pt\/wp-content\/uploads\/2026\/03\/IMG_2261-scaled.jpg\"><figure class=\"swiper-slide-inner\"><img class=\"swiper-slide-image swiper-lazy\" data-src=\"https:\/\/vintagebyiana.wiseweb.pt\/wp-content\/uploads\/2026\/03\/IMG_2261-1024x1536.jpg\" alt=\"IMG_2261\" \/><div class=\"swiper-lazy-preloader\"><\/div><\/figure><\/a><\/div><div class=\"swiper-slide\" role=\"group\" aria-roledescription=\"slide\" aria-label=\"6 of 6\"><a data-elementor-open-lightbox=\"yes\" data-elementor-lightbox-slideshow=\"4b48a86\" data-e-action-hash=\"#elementor-action%3Aaction%3Dlightbox%26settings%3DeyJpZCI6MTQxLCJ1cmwiOiJodHRwczpcL1wvdmludGFnZWJ5aWFuYS53aXNld2ViLnB0XC93cC1jb250ZW50XC91cGxvYWRzXC8yMDI2XC8wM1wvRFNDXzIyNDYtMi1zY2FsZWQuanBnIiwic2xpZGVzaG93IjoiNGI0OGE4NiJ9\" href=\"https:\/\/vintagebyiana.wiseweb.pt\/wp-content\/uploads\/2026\/03\/DSC_2246-2-scaled.jpg\"><figure class=\"swiper-slide-inner\"><img class=\"swiper-slide-image swiper-lazy\" data-src=\"https:\/\/vintagebyiana.wiseweb.pt\/wp-content\/uploads\/2026\/03\/DSC_2246-2-1025x1536.jpg\" alt=\"DSC_2246 2\" \/><div class=\"swiper-lazy-preloader\"><\/div><\/figure><\/a><\/div>\t\t\t<\/div>\n\t\t\t\t\t\t\t\t\t\t\t\t<div class=\"elementor-swiper-button elementor-swiper-button-prev\" role=\"button\" tabindex=\"0\">\n\t\t\t\t\t\t<svg aria-hidden=\"true\" class=\"e-font-icon-svg e-eicon-chevron-left\" viewbox=\"0 0 1000 1000\" xmlns=\"http:\/\/www.w3.org\/2000\/svg\"><path d=\"M646 125C629 125 613 133 604 142L308 442C296 454 292 471 292 487 292 504 296 521 308 533L604 854C617 867 629 875 646 875 663 875 679 871 692 858 704 846 713 829 713 812 713 796 708 779 692 767L438 487 692 225C700 217 708 204 708 187 708 171 704 154 692 142 675 129 663 125 646 125Z\"><\/path><\/svg>\t\t\t\t\t<\/div>\n\t\t\t\t\t<div class=\"elementor-swiper-button elementor-swiper-button-next\" role=\"button\" tabindex=\"0\">\n\t\t\t\t\t\t<svg aria-hidden=\"true\" class=\"e-font-icon-svg e-eicon-chevron-right\" viewbox=\"0 0 1000 1000\" xmlns=\"http:\/\/www.w3.org\/2000\/svg\"><path d=\"M696 533C708 521 713 504 713 487 713 471 708 454 696 446L400 146C388 133 375 125 354 125 338 125 325 129 313 142 300 154 292 171 292 187 292 204 296 221 308 233L563 492 304 771C292 783 288 800 288 817 288 833 296 850 308 863 321 871 338 875 354 875 371 875 388 867 400 854L696 533Z\"><\/path><\/svg>\t\t\t\t\t<\/div>\n\t\t\t\t\n\t\t\t\t\t\t\t\t\t<div class=\"swiper-pagination\"><\/div>\n\t\t\t\t\t\t\t\t\t<\/div>\n\t\t\t\t\t\t<\/div>\n\t\t\t\t<\/div>\n\t\t<div class=\"elementor-element elementor-element-6bdaf9e e-con-full e-flex e-con e-child\" data-id=\"6bdaf9e\" data-element_type=\"container\" data-e-type=\"container\">\n\t\t\t\t<div class=\"elementor-element elementor-element-81b7ccb elementor-widget elementor-widget-heading\" data-id=\"81b7ccb\" data-element_type=\"widget\" data-e-type=\"widget\" data-widget_type=\"heading.default\">\n\t\t\t\t\t<h3 class=\"elementor-heading-title elementor-size-default\">Onde a hist\u00f3ria ganha vida.<\/h3>\t\t\t\t<\/div>\n\t\t\t\t<div class=\"elementor-element elementor-element-d817cc7 elementor-widget elementor-widget-heading\" data-id=\"d817cc7\" data-element_type=\"widget\" data-e-type=\"widget\" data-widget_type=\"heading.default\">\n\t\t\t\t\t<h2 class=\"elementor-heading-title elementor-size-default\">Conhe\u00e7a o Espa\u00e7o<\/h2>\t\t\t\t<\/div>\n\t\t\t\t<div class=\"elementor-element elementor-element-b25b482 elementor-widget-divider--view-line elementor-widget elementor-widget-divider\" data-id=\"b25b482\" data-element_type=\"widget\" data-e-type=\"widget\" data-widget_type=\"divider.default\">\n\t\t\t\t\t\t\t<div class=\"elementor-divider\">\n\t\t\t<span class=\"elementor-divider-separator\">\n\t\t\t\t\t\t<\/span>\n\t\t<\/div>\n\t\t\t\t\t\t<\/div>\n\t\t\t\t<div class=\"elementor-element elementor-element-51cf34d elementor-widget elementor-widget-text-editor\" data-id=\"51cf34d\" data-element_type=\"widget\" data-e-type=\"widget\" data-widget_type=\"text-editor.default\">\n\t\t\t\t\t\t\t\t\t<p data-path-to-node=\"5,1\">Mais do que uma loja, o nosso espa\u00e7o em Leiria \u00e9 um ref\u00fagio para quem aprecia a beleza do passado. Aqui, pode ver de perto a delicadeza das nossas porcelanas e a hist\u00f3ria gravada em cada pe\u00e7a de mobili\u00e1rio, num ambiente calmo e sem pressas.<\/p><p data-path-to-node=\"5,2\">Acreditamos que escolher uma pe\u00e7a vintage requer tempo e conex\u00e3o. Por isso, os nossos atendimentos s\u00e3o feitos exclusivamente por marca\u00e7\u00e3o, garantindo que ter\u00e1 toda a nossa aten\u00e7\u00e3o para encontrar aquela pe\u00e7a especial que falta na sua casa.<\/p>\t\t\t\t\t\t\t\t<\/div>\n\t\t\t\t<\/div>\n\t\t\t\t<\/div>\n\t\t\t\t\t<\/div>\n\t\t\t\t<\/div>\n\t\t\t\t<\/div>","protected":false},"excerpt":{"rendered":"<p>Conhe\u00e7a a Fundadora Iana O projeto Vintage by Iana nasceu em 2023 a partir de um grande amor por pe\u00e7as vintage, especialmente por lou\u00e7a antiga, que guarda hist\u00f3ria, mem\u00f3ria e o car\u00e1ter do seu tempo. Sou de origem ucraniana e vivo em Portugal h\u00e1 muitos anos. Foi aqui que a minha paix\u00e3o pelo vintage se [&hellip;]<\/p>\n","protected":false},"author":1,"featured_media":0,"parent":0,"menu_order":0,"comment_status":"closed","ping_status":"closed","template":"","meta":{"_acf_changed":false,"footnotes":""},"class_list":["post-780","page","type-page","status-publish","hentry"],"acf":[],"_links":{"self":[{"href":"https:\/\/vintagebyiana.wiseweb.pt\/en\/wp-json\/wp\/v2\/pages\/780","targetHints":{"allow":["GET"]}}],"collection":[{"href":"https:\/\/vintagebyiana.wiseweb.pt\/en\/wp-json\/wp\/v2\/pages"}],"about":[{"href":"https:\/\/vintagebyiana.wiseweb.pt\/en\/wp-json\/wp\/v2\/types\/page"}],"author":[{"embeddable":true,"href":"https:\/\/vintagebyiana.wiseweb.pt\/en\/wp-json\/wp\/v2\/users\/1"}],"replies":[{"embeddable":true,"href":"https:\/\/vintagebyiana.wiseweb.pt\/en\/wp-json\/wp\/v2\/comments?post=780"}],"version-history":[{"count":118,"href":"https:\/\/vintagebyiana.wiseweb.pt\/en\/wp-json\/wp\/v2\/pages\/780\/revisions"}],"predecessor-version":[{"id":1757,"href":"https:\/\/vintagebyiana.wiseweb.pt\/en\/wp-json\/wp\/v2\/pages\/780\/revisions\/1757"}],"wp:attachment":[{"href":"https:\/\/vintagebyiana.wiseweb.pt\/en\/wp-json\/wp\/v2\/media?parent=780"}],"curies":[{"name":"wp","href":"https:\/\/api.w.org\/{rel}","templated":true}]}}